{"id":6075,"date":"2020-04-09T09:55:15","date_gmt":"2020-04-09T09:55:15","guid":{"rendered":"https:\/\/www.hotel-strategy.com\/pratika4you\/?page_id=6075"},"modified":"2022-03-02T09:09:03","modified_gmt":"2022-03-02T09:09:03","slug":"lo-sai-che","status":"publish","type":"page","link":"https:\/\/www.pratika4you.com\/index.php\/lo-sai-che\/","title":{"rendered":"LO SAI CHE?"},"content":{"rendered":"[vc_row type=&#8221;full_width_content&#8221; full_screen_row_position=&#8221;middle&#8221; equal_height=&#8221;yes&#8221; column_margin=&#8221;default&#8221; bg_image=&#8221;6618&#8243; bg_position=&#8221;left center&#8221; bg_repeat=&#8221;no-repeat&#8221; full_height=&#8221;yes&#8221; columns_placement=&#8221;stretch&#8221; scene_position=&#8221;center&#8221; text_color=&#8221;dark&#8221; text_align=&#8221;left&#8221; class=&#8221;vc_hidden-sm vc_hidden-xs&#8221; overlay_strength=&#8221;0.3&#8243; shape_divider_position=&#8221;bottom&#8221; bg_image_animation=&#8221;none&#8221; shape_type=&#8221;&#8221;][vc_column column_padding=&#8221;no-extra-padding&#8221; column_padding_position=&#8221;all&#8221; background_color=&#8221;#ffffff&#8221; background_color_opacity=&#8221;0.5&#8243; background_hover_color_opacity=&#8221;1&#8243; column_link_target=&#8221;_self&#8221; column_shadow=&#8221;none&#8221; column_border_radius=&#8221;none&#8221; width=&#8221;1\/4&#8243; tablet_width_inherit=&#8221;default&#8221; tablet_text_alignment=&#8221;default&#8221; phone_text_alignment=&#8221;default&#8221; overlay_strength=&#8221;0.3&#8243; column_border_width=&#8221;none&#8221; column_border_style=&#8221;solid&#8221; bg_image_animation=&#8221;none&#8221; offset=&#8221;vc_hidden-sm vc_hidden-xs&#8221;][vc_widget_sidebar enable_sticky=&#8221;true&#8221; sidebar_id=&#8221;page-sidebar&#8221;][\/vc_column][vc_column column_padding=&#8221;padding-2-percent&#8221; column_padding_position=&#8221;all&#8221; background_color=&#8221;#004852&#8243; background_color_opacity=&#8221;0.9&#8243; background_hover_color_opacity=&#8221;1&#8243; font_color=&#8221;#ffffff&#8221; column_link_target=&#8221;_self&#8221; column_shadow=&#8221;none&#8221; column_border_radius=&#8221;none&#8221; width=&#8221;3\/4&#8243; tablet_width_inherit=&#8221;default&#8221; tablet_text_alignment=&#8221;default&#8221; phone_text_alignment=&#8221;default&#8221; overlay_strength=&#8221;0.3&#8243; column_border_width=&#8221;none&#8221; column_border_style=&#8221;solid&#8221; bg_image_animation=&#8221;none&#8221; offset=&#8221;vc_hidden-sm vc_hidden-xs&#8221;][vc_custom_heading text=&#8221;LO SAI CHE?&#8221; font_container=&#8221;tag:h3|text_align:left|color:%23ffffff&#8221; use_theme_fonts=&#8221;yes&#8221; css=&#8221;.vc_custom_1591611536984{margin-top: 10% !important;}&#8221;][divider line_type=&#8221;Full Width Line&#8221; line_thickness=&#8221;2&#8243; divider_color=&#8221;default&#8221; custom_height=&#8221;20&#8243;][vc_column_text]Spesso un risultato ottimale passa per un grande prodotto ma anche per alcuni piccoli o grandi accorgimenti che fanno la differenza tra un buon lavoro e un lavoro perfetto.<br \/>\nIn questa sezione e direttamente sui packaging troverai tanti\u00a0<strong>suggerimenti sull\u2019utilizzo<\/strong>\u00a0dei nostri prodotti: Condividiamo con te la nostra conoscenza e quella dei professionisti che negli anni ci hanno scelto.[\/vc_column_text][vc_custom_heading text=&#8221;FONDI&#8221; font_container=&#8221;tag:h4|text_align:left|color:%23ffffff&#8221; use_theme_fonts=&#8221;yes&#8221;][divider line_type=&#8221;Small Line&#8221; line_alignment=&#8221;default&#8221; line_thickness=&#8221;2&#8243; divider_color=&#8221;default&#8221; custom_height=&#8221;20&#8243;][vc_column_text]Il legno con il tempo,\u00a0 rilascia sostanze coloranti, che nel caso di\u00a0<strong>sovraverniciatura\u00a0<\/strong>con tinte pastello tenui possono inficiarne il risultato, macchiando la colorazione.<br \/>\nL&#8217;uso di un prodotto di\u00a0<strong>fondo isolante<\/strong>\u00a0permette che questo sgradevole effetto non si presenti. L&#8217;utilizzo del fondo aiuta anche ad avere una superficie esente da imperfezioni, protegge da macchie e migliora il risultato finale.<br \/>\nUtilizzando un\u00a0<strong>fondo protettivo<\/strong>\u00a0del legno previeni il degrado dello stesso e migliori l\u2019aspetto delle verniciature successive.<br \/>\nI\u00a0<strong>fondi antiruggine<\/strong>\u00a0oltre a prevenire la formazione della ruggine, conferiscono una migliore adesione alle mani di vernice successive, evitando distacchi della pellicola di vernice[\/vc_column_text][vc_custom_heading text=&#8221;LEGNO&#8221; font_container=&#8221;tag:h4|text_align:left|color:%23ffffff&#8221; use_theme_fonts=&#8221;yes&#8221;][divider line_type=&#8221;Small Line&#8221; line_alignment=&#8221;default&#8221; line_thickness=&#8221;2&#8243; divider_color=&#8221;default&#8221; custom_height=&#8221;20&#8243;][vc_column_text]Il legno \u00e8 un elemento vivo e come tale va protetto. L\u2019impiego di prodotti protettivi e nutritivi, consente di allungare la vita utile di elementi lignei; quindi prevenire meglio che curare.<br \/>\nL&#8217;impregnante protettivo per la sua particolare formulazione, penetra nel legno chiudendo tutti i pori e conferendo allo stesso una particolare\u00a0<strong>capacit\u00e0 idrofoba<\/strong>, pur mantenendo lo scambio tra umidit\u00e0 e aria.<br \/>\nPer riportare il legno a nuovo, \u00e8 bene\u00a0<strong>carteggiare\u00a0<\/strong>prima con una carta di grana grossa tipo 140, poi con una carta a grana media 220\/240 e successivamente con una carta a grana fina 280\/320. Quest\u2019ultima pu\u00f2 essere utilizzata anche tra una mano e l\u2019altra di stesura dei vari prodotti vernicianti per rendere il supporto liscio ed omogeneo.<br \/>\nSu legni particolarmente assorbenti per ottenere un effetto piu&#8217; omogeneo ed evitare le macchie dell&#8217;impregnante, basta prima dell&#8217;applicazione inumidire con una spugna bagnata la superficie da trattare.<br \/>\nUn prodotto in gel ti permette di verniciare elementi posti in verticale, come sottotetti, spigoli ed elementi sagomati senza ottenere le antiestetiche colature.<br \/>\n<em>Lo sai che<\/em>\u00a0se hai delle\u00a0<strong>sacche di resina<\/strong>\u00a0sul legno, puoi eliminarle con del semplice acetone.<br \/>\nUtilizzare un pennello adeguato per i prodotti all&#8217;acqua, rende la stesura piu&#8217; semplice e la resa finale migliore. Ti consigliamo un\u00a0<strong>pennello a setola sintetica<\/strong>.<br \/>\nUtilizzare un pennello specifico per prodotto a solvente, facilita l&#8217;applicazione e migliora la resa e il risultato finale.<br \/>\nStendere preventivamente al flatting un mano di\u00a0<strong>impregnante all&#8217;acqua<\/strong>\u00a0ne migliora la protezione ed il suo aspetto estetico.<br \/>\nScegliere un trattamento finale di verniciatura del parquet vuol dire chiudere i pori del legno riducendo considerevolmente l&#8217;assorbimento dell&#8217;umidit\u00e0.<br \/>\nStendere un\u00a0<strong>fondo turapori<\/strong>\u00a0per parquet vuol dire ridurre considerevolmente l&#8217;assorbimento dell&#8217;umidit\u00e0.<br \/>\nLa scelta della finitura se lucida o opaca \u00e8 di tipo puramente estetico. Scegliere una\u00a0<strong>finitura opaca<\/strong>\u00a0aiuter\u00e0 a nascondere meglio eventuali graffi e risulter\u00e0 pi\u00f9 resistente, mentre una\u00a0<strong>finitura lucida<\/strong>\u00a0tender\u00e0 ad opacizzarsi pi\u00f9 facilmente nel tempo. Si potr\u00e0 ovviare a queste problematiche con una manutenzione pi\u00f9 costante che permetter\u00e0 di avere sempre il miglior risultato ricercato e voluto.<br \/>\n<em>Lo sai che<\/em>\u00a0un parquet posato vicino ad un camino puo&#8217; essere a rischio incendio se non trattato con i prodotti adatti\u00a0<strong>resistenti al fuoco<\/strong>.<br \/>\nTrattando stagionalmente le superfici in legno con l&#8217;<strong>olio protettivo<\/strong>\u00a0le proteggi dalle intemperie, dai raggi uv, dalle macchie e dal calpestio, evitando che ingrigiscano e mantenendole sempre belle.<br \/>\nPrima di procedere con la stesura dell\u2019<strong>olio per mobili da giardino<\/strong>, \u00e8 consigliabile passare un panno antistatico per evitare che il pulviscolo e la polvere si posino sui nostri mobili.<br \/>\nIn caso di superfici sporche, possiamo utilizzare il sapone di marsiglia che e&#8217; un ottimo sgrassante.<br \/>\nPassare sulle superfici da pulire, un panno imbevuto di acqua e sapone, lasciando asciugare lontano da luce diretta.<br \/>\nTrattare periodicamente il serramento con il prodotto di rinnovo, vuol dire allungare la vita dello stesso per molti anni. Si consiglia di applicare a straccio il prodotto ogni sei mesi. Pulire preventivamente con un panno umido e saponi neutri.[\/vc_column_text][vc_custom_heading text=&#8221;SMALTO&#8221; font_container=&#8221;tag:h4|text_align:left|color:%23ffffff&#8221; use_theme_fonts=&#8221;yes&#8221;][divider line_type=&#8221;Small Line&#8221; line_alignment=&#8221;default&#8221; line_thickness=&#8221;2&#8243; divider_color=&#8221;default&#8221; custom_height=&#8221;20&#8243;][vc_column_text]Utilizzare un pennello specifico per un prodotto all&#8217;acqua, facilita l&#8217;applicazione, migliora la resa e il risultato finale.<br \/>\nTi consigliamo un pennello con setola sintetica.[\/vc_column_text][\/vc_column][\/vc_row][vc_row type=&#8221;full_width_background&#8221; full_screen_row_position=&#8221;middle&#8221; equal_height=&#8221;yes&#8221; content_placement=&#8221;middle&#8221; column_margin=&#8221;default&#8221; bg_color=&#8221;#004852&#8243; scene_position=&#8221;center&#8221; text_color=&#8221;dark&#8221; text_align=&#8221;left&#8221; class=&#8221;vc_hidden-lg vc_hidden-md&#8221; overlay_strength=&#8221;0.3&#8243; shape_divider_position=&#8221;bottom&#8221; bg_image_animation=&#8221;none&#8221; shape_type=&#8221;&#8221;][vc_column column_padding=&#8221;no-extra-padding&#8221; column_padding_position=&#8221;all&#8221; background_color_opacity=&#8221;0.5&#8243; background_hover_color_opacity=&#8221;1&#8243; column_link_target=&#8221;_self&#8221; column_shadow=&#8221;none&#8221; column_border_radius=&#8221;none&#8221; width=&#8221;1\/1&#8243; tablet_width_inherit=&#8221;default&#8221; tablet_text_alignment=&#8221;default&#8221; phone_text_alignment=&#8221;default&#8221; overlay_strength=&#8221;0.3&#8243; column_border_width=&#8221;none&#8221; column_border_style=&#8221;solid&#8221; bg_image_animation=&#8221;none&#8221; offset=&#8221;vc_hidden-lg vc_hidden-md&#8221;][image_with_animation image_url=&#8221;6537&#8243; alignment=&#8221;&#8221; animation=&#8221;Fade In&#8221; hover_animation=&#8221;none&#8221; border_radius=&#8221;none&#8221; box_shadow=&#8221;none&#8221; image_loading=&#8221;default&#8221; max_width=&#8221;100%&#8221; max_width_mobile=&#8221;default&#8221; margin_right=&#8221;40%&#8221; margin_top=&#8221;2%&#8221; margin_bottom=&#8221;2%&#8221; margin_left=&#8221;2%&#8221;][\/vc_column][\/vc_row][vc_row type=&#8221;full_width_content&#8221; full_screen_row_position=&#8221;middle&#8221; equal_height=&#8221;yes&#8221; content_placement=&#8221;middle&#8221; column_margin=&#8221;default&#8221; bg_image=&#8221;6617&#8243; bg_position=&#8221;left top&#8221; bg_repeat=&#8221;no-repeat&#8221; full_height=&#8221;yes&#8221; columns_placement=&#8221;stretch&#8221; scene_position=&#8221;center&#8221; text_color=&#8221;dark&#8221; text_align=&#8221;left&#8221; class=&#8221;vc_hidden-lg vc_hidden-md&#8221; overlay_strength=&#8221;0.3&#8243; shape_divider_position=&#8221;bottom&#8221; bg_image_animation=&#8221;none&#8221; shape_type=&#8221;&#8221;][vc_column column_padding=&#8221;no-extra-padding&#8221; column_padding_position=&#8221;left-right&#8221; background_color_opacity=&#8221;0.5&#8243; background_hover_color_opacity=&#8221;1&#8243; column_link_target=&#8221;_self&#8221; column_shadow=&#8221;none&#8221; column_border_radius=&#8221;none&#8221; width=&#8221;1\/1&#8243; tablet_width_inherit=&#8221;default&#8221; tablet_text_alignment=&#8221;default&#8221; phone_text_alignment=&#8221;default&#8221; overlay_strength=&#8221;0.3&#8243; column_border_width=&#8221;none&#8221; column_border_style=&#8221;solid&#8221; bg_image_animation=&#8221;none&#8221; offset=&#8221;vc_hidden-lg vc_hidden-md&#8221;][vc_row_inner equal_height=&#8221;yes&#8221; column_margin=&#8221;none&#8221; text_align=&#8221;left&#8221; css=&#8221;.vc_custom_1593764018052{margin-top: 80px !important;background-color: #004852 !important;}&#8221;][vc_column_inner column_padding=&#8221;padding-5-percent&#8221; column_padding_position=&#8221;all&#8221; background_color=&#8221;#004852&#8243; background_color_opacity=&#8221;1&#8243; background_hover_color_opacity=&#8221;1&#8243; font_color=&#8221;#ffffff&#8221; column_shadow=&#8221;none&#8221; column_border_radius=&#8221;none&#8221; column_link_target=&#8221;_self&#8221; width=&#8221;1\/1&#8243; tablet_width_inherit=&#8221;default&#8221; overlay_strength=&#8221;0.3&#8243; column_border_width=&#8221;none&#8221; column_border_style=&#8221;solid&#8221; bg_image_animation=&#8221;none&#8221;][vc_custom_heading text=&#8221;LO SAI CHE?&#8221; font_container=&#8221;tag:h3|text_align:left|color:%23ffffff&#8221; use_theme_fonts=&#8221;yes&#8221; css=&#8221;.vc_custom_1591611536984{margin-top: 10% !important;}&#8221;][divider line_type=&#8221;Full Width Line&#8221; line_thickness=&#8221;2&#8243; divider_color=&#8221;default&#8221; custom_height=&#8221;20&#8243;][vc_column_text]Spesso un risultato ottimale passa per un grande prodotto ma anche per alcuni piccoli o grandi accorgimenti che fanno la differenza tra un buon lavoro e un lavoro perfetto.<br \/>\nIn questa sezione e direttamente sui packaging troverai tanti\u00a0<strong>suggerimenti sull\u2019utilizzo<\/strong>\u00a0dei nostri prodotti: Condividiamo con te la nostra conoscenza e quella dei professionisti che negli anni ci hanno scelto.[\/vc_column_text][vc_custom_heading text=&#8221;FONDI&#8221; font_container=&#8221;tag:h4|text_align:left|color:%23ffffff&#8221; use_theme_fonts=&#8221;yes&#8221;][divider line_type=&#8221;Small Line&#8221; line_alignment=&#8221;default&#8221; line_thickness=&#8221;2&#8243; divider_color=&#8221;default&#8221; custom_height=&#8221;20&#8243;][vc_column_text]Il legno con il tempo,\u00a0 rilascia sostanze coloranti, che nel caso di\u00a0<strong>sovraverniciatura\u00a0<\/strong>con tinte pastello tenui possono inficiarne il risultato, macchiando la colorazione.<br \/>\nL&#8217;uso di un prodotto di\u00a0<strong>fondo isolante<\/strong>\u00a0permette che questo sgradevole effetto non si presenti. L&#8217;utilizzo del fondo aiuta anche ad avere una superficie esente da imperfezioni, protegge da macchie e migliora il risultato finale.<br \/>\nUtilizzando un\u00a0<strong>fondo protettivo<\/strong>\u00a0del legno previeni il degrado dello stesso e migliori l\u2019aspetto delle verniciature successive.<br \/>\nI\u00a0<strong>fondi antiruggine<\/strong>\u00a0oltre a prevenire la formazione della ruggine, conferiscono una migliore adesione alle mani di vernice successive, evitando distacchi della pellicola di vernice[\/vc_column_text][vc_custom_heading text=&#8221;LEGNO&#8221; font_container=&#8221;tag:h4|text_align:left|color:%23ffffff&#8221; use_theme_fonts=&#8221;yes&#8221;][divider line_type=&#8221;Small Line&#8221; line_alignment=&#8221;default&#8221; line_thickness=&#8221;2&#8243; divider_color=&#8221;default&#8221; custom_height=&#8221;20&#8243;][vc_column_text]Il legno \u00e8 un elemento vivo e come tale va protetto. L\u2019impiego di prodotti protettivi e nutritivi, consente di allungare la vita utile di elementi lignei; quindi prevenire meglio che curare.<br \/>\nL&#8217;impregnante protettivo per la sua particolare formulazione, penetra nel legno chiudendo tutti i pori e conferendo allo stesso una particolare\u00a0<strong>capacit\u00e0 idrofoba<\/strong>, pur mantenendo lo scambio tra umidit\u00e0 e aria.<br \/>\nPer riportare il legno a nuovo, \u00e8 bene\u00a0<strong>carteggiare\u00a0<\/strong>prima con una carta di grana grossa tipo 140, poi con una carta a grana media 220\/240 e successivamente con una carta a grana fina 280\/320. Quest\u2019ultima pu\u00f2 essere utilizzata anche tra una mano e l\u2019altra di stesura dei vari prodotti vernicianti per rendere il supporto liscio ed omogeneo.<br \/>\nSu legni particolarmente assorbenti per ottenere un effetto piu&#8217; omogeneo ed evitare le macchie dell&#8217;impregnante, basta prima dell&#8217;applicazione inumidire con una spugna bagnata la superficie da trattare.<br \/>\nUn prodotto in gel ti permette di verniciare elementi posti in verticale, come sottotetti, spigoli ed elementi sagomati senza ottenere le antiestetiche colature.<br \/>\n<em>Lo sai che<\/em>\u00a0se hai delle\u00a0<strong>sacche di resina<\/strong>\u00a0sul legno, puoi eliminarle con del semplice acetone.<br \/>\nUtilizzare un pennello adeguato per i prodotti all&#8217;acqua, rende la stesura piu&#8217; semplice e la resa finale migliore. Ti consigliamo un\u00a0<strong>pennello a setola sintetica<\/strong>.<br \/>\nUtilizzare un pennello specifico per prodotto a solvente, facilita l&#8217;applicazione e migliora la resa e il risultato finale.<br \/>\nStendere preventivamente al flatting un mano di\u00a0<strong>impregnante all&#8217;acqua<\/strong>\u00a0ne migliora la protezione ed il suo aspetto estetico.<br \/>\nScegliere un trattamento finale di verniciatura del parquet vuol dire chiudere i pori del legno riducendo considerevolmente l&#8217;assorbimento dell&#8217;umidit\u00e0.<br \/>\nStendere un\u00a0<strong>fondo turapori<\/strong>\u00a0per parquet vuol dire ridurre considerevolmente l&#8217;assorbimento dell&#8217;umidit\u00e0.<br \/>\nLa scelta della finitura se lucida o opaca \u00e8 di tipo puramente estetico. Scegliere una\u00a0<strong>finitura opaca<\/strong>\u00a0aiuter\u00e0 a nascondere meglio eventuali graffi e risulter\u00e0 pi\u00f9 resistente, mentre una\u00a0<strong>finitura lucida<\/strong>\u00a0tender\u00e0 ad opacizzarsi pi\u00f9 facilmente nel tempo. Si potr\u00e0 ovviare a queste problematiche con una manutenzione pi\u00f9 costante che permetter\u00e0 di avere sempre il miglior risultato ricercato e voluto.<br \/>\n<em>Lo sai che<\/em>\u00a0un parquet posato vicino ad un camino puo&#8217; essere a rischio incendio se non trattato con i prodotti adatti\u00a0<strong>resistenti al fuoco<\/strong>.<br \/>\nTrattando stagionalmente le superfici in legno con l&#8217;<strong>olio protettivo<\/strong>\u00a0le proteggi dalle intemperie, dai raggi uv, dalle macchie e dal calpestio, evitando che ingrigiscano e mantenendole sempre belle.<br \/>\nPrima di procedere con la stesura dell\u2019<strong>olio per mobili da giardino<\/strong>, \u00e8 consigliabile passare un panno antistatico per evitare che il pulviscolo e la polvere si posino sui nostri mobili.<br \/>\nIn caso di superfici sporche, possiamo utilizzare il sapone di marsiglia che e&#8217; un ottimo sgrassante.<br \/>\nPassare sulle superfici da pulire, un panno imbevuto di acqua e sapone, lasciando asciugare lontano da luce diretta.<br \/>\nTrattare periodicamente il serramento con il prodotto di rinnovo, vuol dire allungare la vita dello stesso per molti anni. Si consiglia di applicare a straccio il prodotto ogni sei mesi. Pulire preventivamente con un panno umido e saponi neutri.[\/vc_column_text][vc_custom_heading text=&#8221;SMALTO&#8221; font_container=&#8221;tag:h4|text_align:left|color:%23ffffff&#8221; use_theme_fonts=&#8221;yes&#8221;][divider line_type=&#8221;Small Line&#8221; line_alignment=&#8221;default&#8221; line_thickness=&#8221;2&#8243; divider_color=&#8221;default&#8221; custom_height=&#8221;20&#8243;][vc_column_text]Utilizzare un pennello specifico per un prodotto all&#8217;acqua, facilita l&#8217;applicazione, migliora la resa e il risultato finale.<br \/>\nTi consigliamo un pennello con setola sintetica.[\/vc_column_text][\/vc_column_inner][\/vc_row_inner][\/vc_column][\/vc_row][vc_row type=&#8221;full_width_content&#8221; full_screen_row_position=&#8221;middle&#8221; column_margin=&#8221;none&#8221; scene_position=&#8221;center&#8221; text_color=&#8221;dark&#8221; text_align=&#8221;left&#8221; overlay_strength=&#8221;0.3&#8243; shape_divider_position=&#8221;bottom&#8221; bg_image_animation=&#8221;none&#8221; shape_type=&#8221;&#8221;][vc_column column_padding=&#8221;no-extra-padding&#8221; column_padding_position=&#8221;all&#8221; background_color_opacity=&#8221;1&#8243; background_hover_color_opacity=&#8221;1&#8243; column_link_target=&#8221;_self&#8221; column_shadow=&#8221;none&#8221; column_border_radius=&#8221;none&#8221; width=&#8221;1\/4&#8243; tablet_width_inherit=&#8221;default&#8221; tablet_text_alignment=&#8221;default&#8221; phone_text_alignment=&#8221;default&#8221; overlay_strength=&#8221;0.3&#8243; column_border_width=&#8221;none&#8221; column_border_style=&#8221;solid&#8221; bg_image_animation=&#8221;none&#8221;][nectar_icon icon_family=&#8221;fontawesome&#8221; icon_style=&#8221;default&#8221; icon_color=&#8221;Accent-Color&#8221; open_new_tab=&#8221;true&#8221; icon_padding=&#8221;0px&#8221; icon_fontawesome=&#8221;fa fa-instagram&#8221; url=&#8221;https:\/\/www.instagram.com\/pratika4you\/&#8221;][nectar_icon icon_family=&#8221;fontawesome&#8221; icon_style=&#8221;default&#8221; icon_color=&#8221;Accent-Color&#8221; open_new_tab=&#8221;true&#8221; icon_padding=&#8221;0px&#8221; icon_fontawesome=&#8221;fa fa-facebook-official&#8221; url=&#8221;https:\/\/www.facebook.com\/pratika4you\/&#8221;][nectar_icon icon_family=&#8221;fontawesome&#8221; icon_style=&#8221;default&#8221; icon_color=&#8221;Accent-Color&#8221; open_new_tab=&#8221;true&#8221; icon_padding=&#8221;0px&#8221; icon_fontawesome=&#8221;fa fa-youtube-square&#8221; url=&#8221;https:\/\/www.youtube.com\/channel\/UCQkod4UBkMDx_QeJbXli-WQ&#8221;][nectar_btn size=&#8221;extra_jumbo&#8221; button_style=&#8221;regular&#8221; button_color_2=&#8221;Accent-Color&#8221; color_override=&#8221;#ffffff&#8221; solid_text_color_override=&#8221;#004852&#8243; icon_family=&#8221;none&#8221; text=&#8221;PRIVACY&#8221; url=&#8221;https:\/\/www.pratika4you.com\/index.php\/privacy-policy\/&#8221;][nectar_btn size=&#8221;extra_jumbo&#8221; button_style=&#8221;regular&#8221; button_color_2=&#8221;Accent-Color&#8221; color_override=&#8221;#ffffff&#8221; solid_text_color_override=&#8221;#004852&#8243; icon_family=&#8221;none&#8221; text=&#8221;CONTATTI&#8221; url=&#8221;https:\/\/www.pratika4you.com\/index.php\/contatti\/&#8221;][\/vc_column][vc_column column_padding=&#8221;no-extra-padding&#8221; column_padding_position=&#8221;right&#8221; background_color_opacity=&#8221;1&#8243; background_hover_color_opacity=&#8221;1&#8243; column_link_target=&#8221;_self&#8221; column_shadow=&#8221;none&#8221; column_border_radius=&#8221;none&#8221; width=&#8221;1\/4&#8243; tablet_width_inherit=&#8221;default&#8221; tablet_text_alignment=&#8221;default&#8221; phone_text_alignment=&#8221;default&#8221; overlay_strength=&#8221;0.3&#8243; column_border_width=&#8221;none&#8221; column_border_style=&#8221;solid&#8221; bg_image_animation=&#8221;none&#8221;][nectar_btn size=&#8221;jumbo&#8221; open_new_tab=&#8221;true&#8221; button_style=&#8221;regular&#8221; button_color_2=&#8221;Accent-Color&#8221; color_override=&#8221;#ffffff&#8221; solid_text_color_override=&#8221;#004852&#8243; icon_family=&#8221;fontawesome&#8221; url=&#8221;https:\/\/www.pratika4you.com\/wp-content\/uploads\/2021\/04\/Catacolore-GDO-Pratika-2020-web-media.pdf&#8221; text=&#8221;SCARICA CATALOGO&#8221; icon_fontawesome=&#8221;fa fa-download&#8221;][\/vc_column][vc_column column_padding=&#8221;no-extra-padding&#8221; column_padding_position=&#8221;all&#8221; background_color_opacity=&#8221;1&#8243; background_hover_color_opacity=&#8221;1&#8243; column_link_target=&#8221;_self&#8221; column_shadow=&#8221;none&#8221; column_border_radius=&#8221;none&#8221; width=&#8221;1\/4&#8243; tablet_width_inherit=&#8221;default&#8221; tablet_text_alignment=&#8221;default&#8221; phone_text_alignment=&#8221;default&#8221; overlay_strength=&#8221;0.3&#8243; column_border_width=&#8221;none&#8221; column_border_style=&#8221;solid&#8221; bg_image_animation=&#8221;none&#8221;][vc_widget_sidebar sidebar_id=&#8221;nectar-extra-sidebar&#8221;][\/vc_column][vc_column column_padding=&#8221;no-extra-padding&#8221; column_padding_position=&#8221;all&#8221; background_color_opacity=&#8221;1&#8243; background_hover_color_opacity=&#8221;1&#8243; column_link_target=&#8221;_self&#8221; column_shadow=&#8221;none&#8221; column_border_radius=&#8221;none&#8221; width=&#8221;1\/4&#8243; tablet_width_inherit=&#8221;default&#8221; tablet_text_alignment=&#8221;default&#8221; phone_text_alignment=&#8221;default&#8221; overlay_strength=&#8221;0.3&#8243; column_border_width=&#8221;none&#8221; column_border_style=&#8221;solid&#8221; bg_image_animation=&#8221;none&#8221;][\/vc_column][\/vc_row]\n","protected":false},"excerpt":{"rendered":"<p>[vc_row type=&#8221;full_width_content&#8221; full_screen_row_position=&#8221;middle&#8221; equal_height=&#8221;yes&#8221; column_margin=&#8221;default&#8221; bg_image=&#8221;6618&#8243; bg_position=&#8221;left center&#8221; bg_repeat=&#8221;no-repeat&#8221; full_height=&#8221;yes&#8221; columns_placement=&#8221;stretch&#8221; scene_position=&#8221;center&#8221; text_color=&#8221;dark&#8221; text_align=&#8221;left&#8221; class=&#8221;vc_hidden-sm vc_hidden-xs&#8221; overlay_strength=&#8221;0.3&#8243; shape_divider_position=&#8221;bottom&#8221; bg_image_animation=&#8221;none&#8221; shape_type=&#8221;&#8221;][vc_column column_padding=&#8221;no-extra-padding&#8221; column_padding_position=&#8221;all&#8221; background_color=&#8221;#ffffff&#8221; background_color_opacity=&#8221;0.5&#8243; background_hover_color_opacity=&#8221;1&#8243; column_link_target=&#8221;_self&#8221; column_shadow=&#8221;none&#8221; column_border_radius=&#8221;none&#8221; width=&#8221;1\/4&#8243; tablet_width_inherit=&#8221;default&#8221;&#8230;<\/p>\n","protected":false},"author":1,"featured_media":0,"parent":0,"menu_order":0,"comment_status":"closed","ping_status":"closed","template":"","meta":{"footnotes":""},"_links":{"self":[{"href":"https:\/\/www.pratika4you.com\/index.php\/wp-json\/wp\/v2\/pages\/6075"}],"collection":[{"href":"https:\/\/www.pratika4you.com\/index.php\/wp-json\/wp\/v2\/pages"}],"about":[{"href":"https:\/\/www.pratika4you.com\/index.php\/wp-json\/wp\/v2\/types\/page"}],"author":[{"embeddable":true,"href":"https:\/\/www.pratika4you.com\/index.php\/wp-json\/wp\/v2\/users\/1"}],"replies":[{"embeddable":true,"href":"https:\/\/www.pratika4you.com\/index.php\/wp-json\/wp\/v2\/comments?post=6075"}],"version-history":[{"count":21,"href":"https:\/\/www.pratika4you.com\/index.php\/wp-json\/wp\/v2\/pages\/6075\/revisions"}],"predecessor-version":[{"id":6840,"href":"https:\/\/www.pratika4you.com\/index.php\/wp-json\/wp\/v2\/pages\/6075\/revisions\/6840"}],"wp:attachment":[{"href":"https:\/\/www.pratika4you.com\/index.php\/wp-json\/wp\/v2\/media?parent=6075"}],"curies":[{"name":"wp","href":"https:\/\/api.w.org\/{rel}","templated":true}]}}