{"id":6329,"date":"2020-05-15T10:31:03","date_gmt":"2020-05-15T10:31:03","guid":{"rendered":"https:\/\/www.hotel-strategy.com\/pratika4you\/?page_id=6329"},"modified":"2022-03-02T09:10:23","modified_gmt":"2022-03-02T09:10:23","slug":"vernice-allacqua","status":"publish","type":"page","link":"https:\/\/www.pratika4you.com\/index.php\/vernice-allacqua\/","title":{"rendered":"Vernice all&#8217;acqua"},"content":{"rendered":"[vc_row type=&#8221;full_width_content&#8221; full_screen_row_position=&#8221;middle&#8221; equal_height=&#8221;yes&#8221; column_margin=&#8221;default&#8221; bg_image=&#8221;6618&#8243; bg_position=&#8221;left center&#8221; bg_repeat=&#8221;no-repeat&#8221; full_height=&#8221;yes&#8221; columns_placement=&#8221;stretch&#8221; scene_position=&#8221;center&#8221; text_color=&#8221;dark&#8221; text_align=&#8221;left&#8221; class=&#8221;vc_hidden-sm vc_hidden-xs&#8221; overlay_strength=&#8221;0.3&#8243; shape_divider_position=&#8221;bottom&#8221; bg_image_animation=&#8221;none&#8221; shape_type=&#8221;&#8221;][vc_column column_padding=&#8221;no-extra-padding&#8221; column_padding_position=&#8221;right&#8221; background_color=&#8221;#ffffff&#8221; background_color_opacity=&#8221;0.5&#8243; background_hover_color_opacity=&#8221;1&#8243; column_link_target=&#8221;_self&#8221; column_shadow=&#8221;none&#8221; column_border_radius=&#8221;none&#8221; width=&#8221;1\/4&#8243; tablet_width_inherit=&#8221;default&#8221; tablet_text_alignment=&#8221;default&#8221; phone_text_alignment=&#8221;default&#8221; overlay_strength=&#8221;0.3&#8243; column_border_width=&#8221;none&#8221; column_border_style=&#8221;solid&#8221; bg_image_animation=&#8221;none&#8221; offset=&#8221;vc_hidden-sm vc_hidden-xs&#8221;][vc_widget_sidebar enable_sticky=&#8221;true&#8221; sidebar_id=&#8221;page-sidebar&#8221;][\/vc_column][vc_column column_padding=&#8221;padding-2-percent&#8221; column_padding_position=&#8221;all&#8221; background_color=&#8221;#004852&#8243; background_color_opacity=&#8221;0.9&#8243; background_hover_color_opacity=&#8221;1&#8243; font_color=&#8221;#ffffff&#8221; column_link_target=&#8221;_self&#8221; column_shadow=&#8221;none&#8221; column_border_radius=&#8221;none&#8221; width=&#8221;3\/4&#8243; tablet_width_inherit=&#8221;default&#8221; tablet_text_alignment=&#8221;default&#8221; phone_text_alignment=&#8221;default&#8221; overlay_strength=&#8221;0.3&#8243; column_border_width=&#8221;none&#8221; column_border_style=&#8221;solid&#8221; bg_image_animation=&#8221;none&#8221; offset=&#8221;vc_hidden-sm vc_hidden-xs&#8221;][vc_custom_heading text=&#8221;Vernice all&#8217;acqua<br \/>\nPer parquet&#8221; font_container=&#8221;tag:h3|text_align:left|color:%23ffffff&#8221; use_theme_fonts=&#8221;yes&#8221; css=&#8221;.vc_custom_1589538605115{margin-top: 8% !important;}&#8221;][divider line_type=&#8221;Full Width Line&#8221; line_thickness=&#8221;2&#8243; divider_color=&#8221;default&#8221; custom_height=&#8221;20&#8243;][vc_row_inner column_margin=&#8221;default&#8221; text_align=&#8221;left&#8221; css=&#8221;.vc_custom_1587113124733{margin-left: -12% !important;}&#8221;][vc_column_inner column_padding=&#8221;no-extra-padding&#8221; column_padding_position=&#8221;left-right&#8221; background_color_opacity=&#8221;1&#8243; background_hover_color_opacity=&#8221;1&#8243; column_shadow=&#8221;none&#8221; column_border_radius=&#8221;none&#8221; column_link_target=&#8221;_self&#8221; width=&#8221;1\/4&#8243; tablet_width_inherit=&#8221;default&#8221; overlay_strength=&#8221;0.3&#8243; column_border_width=&#8221;none&#8221; column_border_style=&#8221;solid&#8221; bg_image_animation=&#8221;none&#8221;][image_with_animation image_url=&#8221;6390&#8243; alignment=&#8221;&#8221; animation=&#8221;Fade In&#8221; hover_animation=&#8221;none&#8221; border_radius=&#8221;none&#8221; box_shadow=&#8221;none&#8221; image_loading=&#8221;default&#8221; max_width=&#8221;75%&#8221; max_width_mobile=&#8221;default&#8221;][\/vc_column_inner][vc_column_inner column_padding=&#8221;padding-8-percent&#8221; column_padding_position=&#8221;right&#8221; background_color_opacity=&#8221;1&#8243; background_hover_color_opacity=&#8221;1&#8243; font_color=&#8221;#ffffff&#8221; column_shadow=&#8221;none&#8221; column_border_radius=&#8221;none&#8221; column_link_target=&#8221;_self&#8221; width=&#8221;3\/4&#8243; tablet_width_inherit=&#8221;default&#8221; overlay_strength=&#8221;0.3&#8243; column_border_width=&#8221;none&#8221; column_border_style=&#8221;solid&#8221; bg_image_animation=&#8221;none&#8221;][vc_column_text]\n<div class=\"text_content\">\n<div class=\"field field-name-field-descrizione field-type-text-long field-label-hidden\">\n<div class=\"field-items\">\n<div class=\"field-item even\">\n<div class=\"text_content\">\n<div class=\"field field-name-field-descrizione field-type-text-long field-label-hidden\">\n<div class=\"field-items\">\n<div class=\"field-item even\">\n<p>Vernice all\u2019acqua a rapida essiccazione,\u00a0fortemente resistente alle macchie, ai graffi, alle\u00a0abrasioni e al calpestio. \u00c8 indicata per la verniciatura\u00a0di legno posato in interno e per la manutenzione\u00a0dei pavimenti in legno\u00a0usurati da\u00a0sollecitazioni di passaggi. La Sua formulazione\u00a0antiscivolo, la rende ideale nella protezione delle\u00a0SCALE in legno. Ottimamente Trasparente,\u00a0evita l\u2019ingiallimento naturale delle superfici a\u00a0contatto con i raggi solari. Uniforma e\u00a0tonalizza la colorazione del legno, donandogli\u00a0un aspetto caldo, curato e protetto. Facile nella stesura, altamente elastica,\u00a0inodore e a basso contenuto di sostanze\u00a0nocive, \u00e8 perfetta per la posa in ambienti\u00a0domestici. Le finiture opaca e setata rendono\u00a0le superfici trattate di grande pregio.<\/p>\n<\/div>\n<\/div>\n<\/div>\n<\/div>\n<div class=\"text_content\">\n<p><a name=\"field_plus\"><\/a><\/p>\n<h3>Plus principali<\/h3>\n<div class=\"field field-name-field-plus field-type-text-long field-label-hidden\">\n<div class=\"field-items\">\n<div class=\"field-item even\">\n<ol>\n<li>Alta resistenza alle abrasioni e al calpestio<\/li>\n<li>Altamente elastica<\/li>\n<li>Esalta la tonalita&#8217; del legno<\/li>\n<li>Protezione lunga durata<\/li>\n<li>Utilizzo interno<\/li>\n<li>Applicazione a rullo\/pennello\/spruzzo<\/li>\n<li>Resa per mano +- 9 mq<\/li>\n<li>Essiccazione +-12 h<\/li>\n<\/ol>\n<\/div>\n<\/div>\n<\/div>\n<\/div>\n<div class=\"text_content\">\n<p><a name=\"field_impiego\"><\/a><\/p>\n<h3>Impiego<\/h3>\n<div class=\"field field-name-field-impiego field-type-text-long field-label-hidden\">\n<div class=\"field-items\">\n<div class=\"field-item even\">\n<p>Applica su superfici pulite e asciutte. Ti consigliamo di carteggiare preventivamente il supporto in modo da garantire un miglior grip del prodotto.<\/p>\n<\/div>\n<\/div>\n<\/div>\n<\/div>\n<div class=\"text_content\">\n<p><a name=\"field_applicazione\"><\/a><\/p>\n<h3>Applicazione<\/h3>\n<div class=\"field field-name-field-applicazione field-type-text-long field-label-hidden\">\n<div class=\"field-items\">\n<div class=\"field-item even\">\n<p>Stendi il prodotto a mani incrociate per ottenere un risultato pi\u00f9 omogeneo. Attendi la completa asciugatura. Procedi tra una mano e l\u2019altra con una levigatura con carta abrasiva a grana fine 180\/200. Per una protezione massima si consigliano 2-3 mani di prodotto.<\/p>\n<\/div>\n<\/div>\n<\/div>\n<\/div>\n<div class=\"text_content\">\n<p><a name=\"field_certificazioni\"><\/a><\/p>\n<h3>Specifiche<\/h3>\n<div class=\"field field-name-field-certificazioni field-type-text-long field-label-hidden\">\n<div class=\"field-items\">\n<div class=\"field-item even\">\n<p>Antigraffio<br \/>\nAntimacchia<br \/>\nUniforma e tonalizza ottima trasparenza<br \/>\nBase: Acqua<\/p>\n<\/div>\n<\/div>\n<\/div>\n<\/div>\n<div class=\"text_content\">\n<p><a name=\"field_losaiche\"><\/a><\/p>\n<h3>Lo sai che<\/h3>\n<div class=\"field field-name-field-losaiche field-type-text-long field-label-above\">\n<div class=\"field-items\">\n<div class=\"field-item even\">\n<p>Scegliere una finitura opaca aiuter\u00e0 a nascondere meglio eventuali graffi e risulter\u00e0 pi\u00f9 resistente mentre una finitura lucida avr\u00e0 un effetto pi\u00f9 elegante ma sar\u00e0 pi\u00f9 sensibile al degrado, agli urti e alle scalfitture.<\/p>\n<\/div>\n<\/div>\n<\/div>\n<\/div>\n<h3>Scheda prodotto<\/h3>\n<p><span style=\"color: #ffffff;\"><em><a style=\"color: #ffffff;\" href=\"https:\/\/www.pratika4you.com\/wp-content\/uploads\/2020\/06\/vernice-acqua-parquet.pdf\" target=\"_blank\" rel=\"noopener noreferrer\" name=\"field_schedaprodotto\">Download Scheda prodotto<\/a><\/em><\/span><\/p>\n<\/div>\n<\/div>\n<\/div>\n<\/div>\n[\/vc_column_text][\/vc_column_inner][\/vc_row_inner][\/vc_column][\/vc_row][vc_row type=&#8221;full_width_background&#8221; full_screen_row_position=&#8221;middle&#8221; equal_height=&#8221;yes&#8221; content_placement=&#8221;middle&#8221; column_margin=&#8221;default&#8221; bg_color=&#8221;#004852&#8243; scene_position=&#8221;center&#8221; text_color=&#8221;dark&#8221; text_align=&#8221;left&#8221; class=&#8221;vc_hidden-lg vc_hidden-md&#8221; overlay_strength=&#8221;0.3&#8243; shape_divider_position=&#8221;bottom&#8221; bg_image_animation=&#8221;none&#8221; shape_type=&#8221;&#8221;][vc_column column_padding=&#8221;no-extra-padding&#8221; column_padding_position=&#8221;all&#8221; background_color_opacity=&#8221;0.5&#8243; background_hover_color_opacity=&#8221;1&#8243; column_link_target=&#8221;_self&#8221; column_shadow=&#8221;none&#8221; column_border_radius=&#8221;none&#8221; width=&#8221;1\/1&#8243; tablet_width_inherit=&#8221;default&#8221; tablet_text_alignment=&#8221;default&#8221; phone_text_alignment=&#8221;default&#8221; overlay_strength=&#8221;0.3&#8243; column_border_width=&#8221;none&#8221; column_border_style=&#8221;solid&#8221; bg_image_animation=&#8221;none&#8221; offset=&#8221;vc_hidden-lg vc_hidden-md&#8221;][image_with_animation image_url=&#8221;6537&#8243; alignment=&#8221;&#8221; animation=&#8221;Fade In&#8221; hover_animation=&#8221;none&#8221; border_radius=&#8221;none&#8221; box_shadow=&#8221;none&#8221; image_loading=&#8221;default&#8221; max_width=&#8221;100%&#8221; max_width_mobile=&#8221;default&#8221; margin_right=&#8221;40%&#8221; margin_top=&#8221;2%&#8221; margin_bottom=&#8221;2%&#8221; margin_left=&#8221;2%&#8221;][\/vc_column][\/vc_row][vc_row type=&#8221;full_width_content&#8221; full_screen_row_position=&#8221;middle&#8221; equal_height=&#8221;yes&#8221; content_placement=&#8221;middle&#8221; column_margin=&#8221;default&#8221; bg_image=&#8221;6617&#8243; bg_position=&#8221;left top&#8221; bg_repeat=&#8221;no-repeat&#8221; full_height=&#8221;yes&#8221; columns_placement=&#8221;stretch&#8221; scene_position=&#8221;center&#8221; text_color=&#8221;dark&#8221; text_align=&#8221;left&#8221; class=&#8221;vc_hidden-lg vc_hidden-md&#8221; overlay_strength=&#8221;0.3&#8243; shape_divider_position=&#8221;bottom&#8221; bg_image_animation=&#8221;none&#8221; shape_type=&#8221;&#8221;][vc_column column_padding=&#8221;no-extra-padding&#8221; column_padding_position=&#8221;left-right&#8221; background_color_opacity=&#8221;0.5&#8243; background_hover_color_opacity=&#8221;1&#8243; column_link_target=&#8221;_self&#8221; column_shadow=&#8221;none&#8221; column_border_radius=&#8221;none&#8221; width=&#8221;1\/1&#8243; tablet_width_inherit=&#8221;default&#8221; tablet_text_alignment=&#8221;default&#8221; phone_text_alignment=&#8221;default&#8221; overlay_strength=&#8221;0.3&#8243; column_border_width=&#8221;none&#8221; column_border_style=&#8221;solid&#8221; bg_image_animation=&#8221;none&#8221; offset=&#8221;vc_hidden-lg vc_hidden-md&#8221;][vc_row_inner column_margin=&#8221;default&#8221; text_align=&#8221;left&#8221;][vc_column_inner column_padding=&#8221;padding-2-percent&#8221; column_padding_position=&#8221;left-right&#8221; background_color_opacity=&#8221;1&#8243; background_hover_color_opacity=&#8221;1&#8243; column_shadow=&#8221;none&#8221; column_border_radius=&#8221;none&#8221; column_link_target=&#8221;_self&#8221; width=&#8221;1\/1&#8243; tablet_width_inherit=&#8221;default&#8221; overlay_strength=&#8221;0.3&#8243; column_border_width=&#8221;none&#8221; column_border_style=&#8221;solid&#8221; bg_image_animation=&#8221;none&#8221;][vc_custom_heading text=&#8221;Vernice all&#8217;acqua<br \/>\nPer parquet&#8221; font_container=&#8221;tag:h3|text_align:left|color:%23ffffff&#8221; use_theme_fonts=&#8221;yes&#8221; css=&#8221;.vc_custom_1589538605115{margin-top: 8% !important;}&#8221;][divider line_type=&#8221;Full Width Line&#8221; line_thickness=&#8221;2&#8243; divider_color=&#8221;default&#8221; custom_height=&#8221;20&#8243;][\/vc_column_inner][\/vc_row_inner][vc_row_inner equal_height=&#8221;yes&#8221; column_margin=&#8221;none&#8221; text_align=&#8221;left&#8221; css=&#8221;.vc_custom_1593764018052{margin-top: 80px !important;background-color: #004852 !important;}&#8221;][vc_column_inner column_padding=&#8221;padding-5-percent&#8221; column_padding_position=&#8221;all&#8221; background_color=&#8221;#004852&#8243; background_color_opacity=&#8221;1&#8243; background_hover_color_opacity=&#8221;1&#8243; font_color=&#8221;#ffffff&#8221; column_shadow=&#8221;none&#8221; column_border_radius=&#8221;none&#8221; column_link_target=&#8221;_self&#8221; width=&#8221;1\/1&#8243; tablet_width_inherit=&#8221;default&#8221; overlay_strength=&#8221;0.3&#8243; column_border_width=&#8221;none&#8221; column_border_style=&#8221;solid&#8221; bg_image_animation=&#8221;none&#8221;][image_with_animation image_url=&#8221;6390&#8243; alignment=&#8221;&#8221; animation=&#8221;Fade In&#8221; hover_animation=&#8221;none&#8221; border_radius=&#8221;none&#8221; box_shadow=&#8221;none&#8221; image_loading=&#8221;default&#8221; max_width=&#8221;75%&#8221; max_width_mobile=&#8221;default&#8221;][vc_column_text]\n<div class=\"text_content\">\n<div class=\"field field-name-field-descrizione field-type-text-long field-label-hidden\">\n<div class=\"field-items\">\n<div class=\"field-item even\">\n<div class=\"text_content\">\n<div class=\"field field-name-field-descrizione field-type-text-long field-label-hidden\">\n<div class=\"field-items\">\n<div class=\"field-item even\">\n<p>Vernice all\u2019acqua a rapida essiccazione,\u00a0fortemente resistente alle macchie, ai graffi, alle\u00a0abrasioni e al calpestio. \u00c8 indicata per la verniciatura\u00a0di legno posato in interno e per la manutenzione\u00a0dei pavimenti in legno\u00a0usurati da\u00a0sollecitazioni di passaggi. La Sua formulazione\u00a0antiscivolo, la rende ideale nella protezione delle\u00a0SCALE in legno. Ottimamente Trasparente,\u00a0evita l\u2019ingiallimento naturale delle superfici a\u00a0contatto con i raggi solari. Uniforma e\u00a0tonalizza la colorazione del legno, donandogli\u00a0un aspetto caldo, curato e protetto. Facile nella stesura, altamente elastica,\u00a0inodore e a basso contenuto di sostanze\u00a0nocive, \u00e8 perfetta per la posa in ambienti\u00a0domestici. Le finiture opaca e setata rendono\u00a0le superfici trattate di grande pregio.<\/p>\n<\/div>\n<\/div>\n<\/div>\n<\/div>\n<div class=\"text_content\">\n<p><a name=\"field_plus\"><\/a><\/p>\n<h3>Plus principali<\/h3>\n<div class=\"field field-name-field-plus field-type-text-long field-label-hidden\">\n<div class=\"field-items\">\n<div class=\"field-item even\">\n<ol>\n<li>Alta resistenza alle abrasioni e al calpestio<\/li>\n<li>Altamente elastica<\/li>\n<li>Esalta la tonalita&#8217; del legno<\/li>\n<li>Protezione lunga durata<\/li>\n<li>Utilizzo interno<\/li>\n<li>Applicazione a rullo\/pennello\/spruzzo<\/li>\n<li>Resa per mano +- 9 mq<\/li>\n<li>Essiccazione +-12 h<\/li>\n<\/ol>\n<\/div>\n<\/div>\n<\/div>\n<\/div>\n<div class=\"text_content\">\n<p><a name=\"field_impiego\"><\/a><\/p>\n<h3>Impiego<\/h3>\n<div class=\"field field-name-field-impiego field-type-text-long field-label-hidden\">\n<div class=\"field-items\">\n<div class=\"field-item even\">\n<p>Applica su superfici pulite e asciutte. Ti consigliamo di carteggiare preventivamente il supporto in modo da garantire un miglior grip del prodotto.<\/p>\n<\/div>\n<\/div>\n<\/div>\n<\/div>\n<div class=\"text_content\">\n<p><a name=\"field_applicazione\"><\/a><\/p>\n<h3>Applicazione<\/h3>\n<div class=\"field field-name-field-applicazione field-type-text-long field-label-hidden\">\n<div class=\"field-items\">\n<div class=\"field-item even\">\n<p>Stendi il prodotto a mani incrociate per ottenere un risultato pi\u00f9 omogeneo. Attendi la completa asciugatura. Procedi tra una mano e l\u2019altra con una levigatura con carta abrasiva a grana fine 180\/200. Per una protezione massima si consigliano 2-3 mani di prodotto.<\/p>\n<\/div>\n<\/div>\n<\/div>\n<\/div>\n<div class=\"text_content\">\n<p><a name=\"field_certificazioni\"><\/a><\/p>\n<h3>Specifiche<\/h3>\n<div class=\"field field-name-field-certificazioni field-type-text-long field-label-hidden\">\n<div class=\"field-items\">\n<div class=\"field-item even\">\n<p>Antigraffio<br \/>\nAntimacchia<br \/>\nUniforma e tonalizza ottima trasparenza<br \/>\nBase: Acqua<\/p>\n<\/div>\n<\/div>\n<\/div>\n<\/div>\n<div class=\"text_content\">\n<p><a name=\"field_losaiche\"><\/a><\/p>\n<h3>Lo sai che<\/h3>\n<div class=\"field field-name-field-losaiche field-type-text-long field-label-above\">\n<div class=\"field-items\">\n<div class=\"field-item even\">\n<p>Scegliere una finitura opaca aiuter\u00e0 a nascondere meglio eventuali graffi e risulter\u00e0 pi\u00f9 resistente mentre una finitura lucida avr\u00e0 un effetto pi\u00f9 elegante ma sar\u00e0 pi\u00f9 sensibile al degrado, agli urti e alle scalfitture.<\/p>\n<\/div>\n<\/div>\n<\/div>\n<\/div>\n<h3>Scheda prodotto<\/h3>\n<p><span style=\"color: #ffffff;\"><em><a style=\"color: #ffffff;\" href=\"https:\/\/www.pratika4you.com\/wp-content\/uploads\/2020\/06\/vernice-acqua-parquet.pdf\" target=\"_blank\" rel=\"noopener noreferrer\" name=\"field_schedaprodotto\">Download Scheda prodotto<\/a><\/em><\/span><\/p>\n<\/div>\n<\/div>\n<\/div>\n<\/div>\n[\/vc_column_text][\/vc_column_inner][\/vc_row_inner][\/vc_column][\/vc_row][vc_row type=&#8221;full_width_content&#8221; full_screen_row_position=&#8221;middle&#8221; column_margin=&#8221;none&#8221; scene_position=&#8221;center&#8221; text_color=&#8221;dark&#8221; text_align=&#8221;left&#8221; overlay_strength=&#8221;0.3&#8243; shape_divider_position=&#8221;bottom&#8221; bg_image_animation=&#8221;none&#8221; shape_type=&#8221;&#8221;][vc_column column_padding=&#8221;no-extra-padding&#8221; column_padding_position=&#8221;all&#8221; background_color_opacity=&#8221;1&#8243; background_hover_color_opacity=&#8221;1&#8243; column_link_target=&#8221;_self&#8221; column_shadow=&#8221;none&#8221; column_border_radius=&#8221;none&#8221; width=&#8221;1\/4&#8243; tablet_width_inherit=&#8221;default&#8221; tablet_text_alignment=&#8221;default&#8221; phone_text_alignment=&#8221;default&#8221; overlay_strength=&#8221;0.3&#8243; column_border_width=&#8221;none&#8221; column_border_style=&#8221;solid&#8221; bg_image_animation=&#8221;none&#8221;][nectar_icon icon_family=&#8221;fontawesome&#8221; icon_style=&#8221;default&#8221; icon_color=&#8221;Accent-Color&#8221; open_new_tab=&#8221;true&#8221; icon_padding=&#8221;0px&#8221; icon_fontawesome=&#8221;fa fa-instagram&#8221; url=&#8221;https:\/\/www.instagram.com\/pratika4you\/&#8221;][nectar_icon icon_family=&#8221;fontawesome&#8221; icon_style=&#8221;default&#8221; icon_color=&#8221;Accent-Color&#8221; open_new_tab=&#8221;true&#8221; icon_padding=&#8221;0px&#8221; icon_fontawesome=&#8221;fa fa-facebook-official&#8221; url=&#8221;https:\/\/www.facebook.com\/pratika4you\/&#8221;][nectar_icon icon_family=&#8221;fontawesome&#8221; icon_style=&#8221;default&#8221; icon_color=&#8221;Accent-Color&#8221; open_new_tab=&#8221;true&#8221; icon_padding=&#8221;0px&#8221; icon_fontawesome=&#8221;fa fa-youtube-square&#8221; url=&#8221;https:\/\/www.youtube.com\/channel\/UCQkod4UBkMDx_QeJbXli-WQ&#8221;][nectar_btn size=&#8221;extra_jumbo&#8221; button_style=&#8221;regular&#8221; button_color_2=&#8221;Accent-Color&#8221; color_override=&#8221;#ffffff&#8221; solid_text_color_override=&#8221;#004852&#8243; icon_family=&#8221;none&#8221; text=&#8221;PRIVACY&#8221; url=&#8221;https:\/\/www.pratika4you.com\/index.php\/privacy-policy\/&#8221;][nectar_btn size=&#8221;extra_jumbo&#8221; button_style=&#8221;regular&#8221; button_color_2=&#8221;Accent-Color&#8221; color_override=&#8221;#ffffff&#8221; solid_text_color_override=&#8221;#004852&#8243; icon_family=&#8221;none&#8221; text=&#8221;CONTATTI&#8221; url=&#8221;https:\/\/www.pratika4you.com\/index.php\/contatti\/&#8221;][\/vc_column][vc_column column_padding=&#8221;no-extra-padding&#8221; column_padding_position=&#8221;right&#8221; background_color_opacity=&#8221;1&#8243; background_hover_color_opacity=&#8221;1&#8243; column_link_target=&#8221;_self&#8221; column_shadow=&#8221;none&#8221; column_border_radius=&#8221;none&#8221; width=&#8221;1\/4&#8243; tablet_width_inherit=&#8221;default&#8221; tablet_text_alignment=&#8221;default&#8221; phone_text_alignment=&#8221;default&#8221; overlay_strength=&#8221;0.3&#8243; column_border_width=&#8221;none&#8221; column_border_style=&#8221;solid&#8221; bg_image_animation=&#8221;none&#8221;][nectar_btn size=&#8221;jumbo&#8221; open_new_tab=&#8221;true&#8221; button_style=&#8221;regular&#8221; button_color_2=&#8221;Accent-Color&#8221; color_override=&#8221;#ffffff&#8221; solid_text_color_override=&#8221;#004852&#8243; icon_family=&#8221;fontawesome&#8221; url=&#8221;https:\/\/www.pratika4you.com\/wp-content\/uploads\/2021\/04\/Catacolore-GDO-Pratika-2020-web-media.pdf&#8221; text=&#8221;SCARICA CATALOGO&#8221; icon_fontawesome=&#8221;fa fa-download&#8221;][\/vc_column][vc_column column_padding=&#8221;no-extra-padding&#8221; column_padding_position=&#8221;all&#8221; background_color_opacity=&#8221;1&#8243; background_hover_color_opacity=&#8221;1&#8243; column_link_target=&#8221;_self&#8221; column_shadow=&#8221;none&#8221; column_border_radius=&#8221;none&#8221; width=&#8221;1\/4&#8243; tablet_width_inherit=&#8221;default&#8221; tablet_text_alignment=&#8221;default&#8221; phone_text_alignment=&#8221;default&#8221; overlay_strength=&#8221;0.3&#8243; column_border_width=&#8221;none&#8221; column_border_style=&#8221;solid&#8221; bg_image_animation=&#8221;none&#8221;][vc_widget_sidebar sidebar_id=&#8221;nectar-extra-sidebar&#8221;][\/vc_column][vc_column column_padding=&#8221;no-extra-padding&#8221; column_padding_position=&#8221;all&#8221; background_color_opacity=&#8221;1&#8243; background_hover_color_opacity=&#8221;1&#8243; column_link_target=&#8221;_self&#8221; column_shadow=&#8221;none&#8221; column_border_radius=&#8221;none&#8221; width=&#8221;1\/4&#8243; tablet_width_inherit=&#8221;default&#8221; tablet_text_alignment=&#8221;default&#8221; phone_text_alignment=&#8221;default&#8221; overlay_strength=&#8221;0.3&#8243; column_border_width=&#8221;none&#8221; column_border_style=&#8221;solid&#8221; bg_image_animation=&#8221;none&#8221;][\/vc_column][\/vc_row]\n","protected":false},"excerpt":{"rendered":"<p>[vc_row type=&#8221;full_width_content&#8221; full_screen_row_position=&#8221;middle&#8221; equal_height=&#8221;yes&#8221; column_margin=&#8221;default&#8221; bg_image=&#8221;6618&#8243; bg_position=&#8221;left center&#8221; bg_repeat=&#8221;no-repeat&#8221; full_height=&#8221;yes&#8221; columns_placement=&#8221;stretch&#8221; scene_position=&#8221;center&#8221; text_color=&#8221;dark&#8221; text_align=&#8221;left&#8221; class=&#8221;vc_hidden-sm vc_hidden-xs&#8221; overlay_strength=&#8221;0.3&#8243; shape_divider_position=&#8221;bottom&#8221; bg_image_animation=&#8221;none&#8221; shape_type=&#8221;&#8221;][vc_column column_padding=&#8221;no-extra-padding&#8221; column_padding_position=&#8221;right&#8221; background_color=&#8221;#ffffff&#8221; background_color_opacity=&#8221;0.5&#8243; background_hover_color_opacity=&#8221;1&#8243; column_link_target=&#8221;_self&#8221; column_shadow=&#8221;none&#8221; column_border_radius=&#8221;none&#8221; width=&#8221;1\/4&#8243; tablet_width_inherit=&#8221;default&#8221;&#8230;<\/p>\n","protected":false},"author":1,"featured_media":0,"parent":0,"menu_order":0,"comment_status":"closed","ping_status":"closed","template":"","meta":{"footnotes":""},"_links":{"self":[{"href":"https:\/\/www.pratika4you.com\/index.php\/wp-json\/wp\/v2\/pages\/6329"}],"collection":[{"href":"https:\/\/www.pratika4you.com\/index.php\/wp-json\/wp\/v2\/pages"}],"about":[{"href":"https:\/\/www.pratika4you.com\/index.php\/wp-json\/wp\/v2\/types\/page"}],"author":[{"embeddable":true,"href":"https:\/\/www.pratika4you.com\/index.php\/wp-json\/wp\/v2\/users\/1"}],"replies":[{"embeddable":true,"href":"https:\/\/www.pratika4you.com\/index.php\/wp-json\/wp\/v2\/comments?post=6329"}],"version-history":[{"count":10,"href":"https:\/\/www.pratika4you.com\/index.php\/wp-json\/wp\/v2\/pages\/6329\/revisions"}],"predecessor-version":[{"id":6851,"href":"https:\/\/www.pratika4you.com\/index.php\/wp-json\/wp\/v2\/pages\/6329\/revisions\/6851"}],"wp:attachment":[{"href":"https:\/\/www.pratika4you.com\/index.php\/wp-json\/wp\/v2\/media?parent=6329"}],"curies":[{"name":"wp","href":"https:\/\/api.w.org\/{rel}","templated":true}]}}