{"id":6882,"date":"2024-12-23T08:23:57","date_gmt":"2024-12-23T08:23:57","guid":{"rendered":"https:\/\/www.pratika4you.com\/?page_id=6882"},"modified":"2024-12-23T08:23:58","modified_gmt":"2024-12-23T08:23:58","slug":"privacy-policy-2","status":"publish","type":"page","link":"https:\/\/www.pratika4you.com\/index.php\/privacy-policy-2\/","title":{"rendered":"PRIVACY POLICY"},"content":{"rendered":"\n<h2 class=\"wp-block-heading\">PRIVACY POLICY DEL SITO WEB<\/h2>\n\n\n\n<p><strong>PRIVACY POLICY DEL SITO WEB<\/strong><\/p>\n\n\n\n<p>Gentile Utente, ai sensi degli articoli 12 e seguenti del Regolamento (UE) 2016\/679 del Parlamento europeo e del Consiglio del 27 aprile 2016 (Regolamento Generale sulla Protezione dei Dati \/ General Data Protection Regulation, \u201cRegolamento\u201d o \u201cGDPR\u201d), ed in generale in osservanza del principio di trasparenza previsto dal Regolamento medesimo, siamo a fornire le seguenti informazioni sul trattamento dei dati personali (cio\u00e8 di qualsiasi informazione riguardante una persona fisica identificata o identificabile: \u201cInteressato\u201d) effettuato in connessione alla navigazione sul sito <a href=\"https:\/\/www.pratika4you.com\/\">https:\/\/www.pratika4you.com\/<\/a> e relativa interazione da parte dell\u2019Utente (<strong>si evidenzia che la presente informativa non riguarda pertanto altri siti web eventualmente consultati dall\u2019utente tramite link presenti sul Sito<\/strong>).<\/p>\n\n\n\n<ol>\n<li><strong>TITOLARE DEL TRATTAMENTO<\/strong><\/li>\n<\/ol>\n\n\n\n<p>Il Titolare del trattamento (cio\u00e8 il soggetto che determina le finalit\u00e0 e i mezzi del trattamento di dati personali, \u201cTitolare del Trattamento\u201d o \u201cTitolare\u201d) \u00e8&nbsp;<strong>J.F. Amonn Srl<\/strong>, con sede in Via Altmann 12, 39100, Bolzano, Tel +39 0437 984 11, e-mail:&nbsp;<a href=\"mailto:info@amonn1802.com\"><strong>info@amonn1802.com<\/strong><\/a>&nbsp;&nbsp;Per contatti specificamente relativi alla tutela dei dati personali si indica in particolare l\u2019indirizzo e-mail info@amonn1802.com al quale si prega di voler rivolgere le Vostre eventuali richieste.<\/p>\n\n\n\n<ol start=\"2\">\n<li><strong>DATI DI NAVIGAZIONE DELL\u2019UTENTE<\/strong><\/li>\n<\/ol>\n\n\n\n<p>I sistemi informatici e i programmi informatici utilizzati per il funzionamento del Sito raccolgono alcuni dati personali la cui trasmissione \u00e8 implicita nell\u2019uso dei protocolli di comunicazione di Internet (es. indirizzi IP o nomi a dominio dei computer utilizzati dagli utenti che si connettono al Sito, gli indirizzi URI \u2013 Uniform Resource Identifier \u2013 delle risorse richieste, orario della richiesta, metodo utilizzato nel sottoporre la richiesta al server, dimensione del file ottenuto in risposta, codice numerico circa lo stato della risposta resa dal server \u2013 buon fine, errore, ecc. \u2013 ed altri parametri relativi al sistema operativo e all\u2019ambiente informatico dell\u2019utente). Bench\u00e9 si tratti di informazioni che non sono raccolte per essere associate a interessati identificati, per loro natura, potrebbero, attraverso elaborazioni ed associazioni con dati detenuti da terzi, consentire di identificare gli utenti.<\/p>\n\n\n\n<p>Tali dati sono utilizzati al solo fine di ricavare informazioni statistiche non associate ad alcun dato identificativo dell\u2019utente sull\u2019uso del Sito e per controllare il corretto funzionamento dello stesso e vengono cancellati immediatamente dopo l\u2019elaborazione. I dati potrebbero essere utilizzati per l\u2019accertamento di responsabilit\u00e0 in caso di ipotetici reati informatici ai danni del Sito.<\/p>\n\n\n\n<p>La base giuridica del trattamento \u00e8 pertanto il legittimo interesse al funzionamento e sicurezza del Sito.<br><\/p>\n\n\n\n<ol start=\"3\">\n<li><strong>COOKIES<\/strong><\/li>\n<\/ol>\n\n\n\n<p>Il Sito utilizza cookies per i quali si rinvia alla specifica informativa&nbsp;<a href=\"https:\/\/www.amonncolor.com\/cookie\/\">[link].<\/a><\/p>\n\n\n\n<ol start=\"4\">\n<li><strong>DATI FORNITI VOLONTARIAMENTE DALL\u2019UTENTE TRAMITE IL SITO, NELL\u2019AMBITO DEI CONTATTI CON IL TITOLARE<\/strong><\/li>\n<\/ol>\n\n\n\n<p>Per la consultazione del sito non \u00e8 richiesto alcun conferimento di dati personali da parte dell\u2019utente.<br>Tuttavia, eventuali contatti con il Titolare, o l\u2019invio facoltativo, esplicito e spontaneo di messaggi, di posta elettronica o tradizionale, ai recapiti del Titolare indicati sul sito, anche nella sezione \u201c<strong>CONTATTI<\/strong>\u201d, comportano la successiva acquisizione dell\u2019indirizzo, anche e-mail o numero di telefono (in caso di contatto via Whatsapp), del mittente, necessari per rispondere alle richieste, nonch\u00e9 di eventuali altri dati personali inseriti nelle relative comunicazioni. Tali dati saranno utilizzati al solo fine di dar seguito alla richiesta dell\u2019utente e potranno essere comunicati a terzi solo nel caso in cui ci\u00f2 sia necessario a tal fine.<\/p>\n\n\n\n<p>Il trattamento dei dati per tali finalit\u00e0 non richiede il consenso dell\u2019Interessato, poich\u00e9 il trattamento \u00e8 necessario all\u2019esecuzione di un contratto di cui questi \u00e8 parte o all\u2019esecuzione di misure precontrattuali adottate su sua richiesta (art. 6, comma 1, lett. b) del Regolamento), nonch\u00e9, ove applicabile, per adempiere un obbligo legale (art. 6, comma 1, lett. a) lett. a) del Regolamento).<\/p>\n\n\n\n<p>Qualora tuttavia l\u2019interessato coincidesse con una persona giuridica, questo acconsente \u2013 con l\u2019invio della richiesta di contatto \u2013 al trattamento di ulteriori dati (quali professione e indirizzo) per l\u2019archiviazione di tali dati in qualit\u00e0 di potenziale cliente e l\u2019eventuale invio di comunicazioni dedicate alla propria professione e area geografica di attivit\u00e0.<\/p>\n\n\n\n<p>Il trattamento dei dati personali avverr\u00e0 da parte di personale istruito ed autorizzato dal Titolare con procedure, strumenti tecnici e informatici idonei a tutelare la riservatezza e la sicurezza degli stessi.<\/p>\n\n\n\n<p>Tali dati personali sono conservati per il tempo strettamente necessario a fornire all\u2019Interessato le risposte alle richieste formulate, salvi ulteriori obblighi di conservazione previsti dalla legge, o fino a revoca del consenso.<\/p>\n\n\n\n<p>I dati personali non saranno diffusi.<\/p>\n\n\n\n<ol start=\"5\">\n<li><strong>NEWSLETTER<\/strong><\/li>\n<\/ol>\n\n\n\n<p>L\u2019utente, se lo desidera, potr\u00e0 iscriversi alla nostra newsletter, tramite l\u2019apposita sezione del Sito, indicando il proprio indirizzo e-mail per ricevere informazioni periodiche in merito ai prodotti e servizi della societ\u00e0; in tal caso il trattamento dei dati personali per tale finalit\u00e0 avverr\u00e0 sulla base del consenso dell\u2019Interessato, che potr\u00e0 comunque revocare in ogni momento. Si ricorda che il consenso (con relativo diritto di revoca dello stesso) costituisce base giuridica necessaria anche in relazione alle persone giuridiche. I dati verranno trattati per questa finalit\u00e0 fino alla revoca del consenso (cancellazione dalla newsletter) e comunque non oltre i 48 mesi dalla manifestazione del consenso o suo rinnovo.<\/p>\n\n\n\n<ol start=\"6\">\n<li><strong>AREA RISERVATA<\/strong><\/li>\n<\/ol>\n\n\n\n<p>Iscrizione all\u2019Area riservata, con raccolta dei dati di contatto al fine di accedere ad aree riservate del sito. Il trattamento dei dati avr\u00e0 durata fino alla permanenza dell\u2019iscrizione nell\u2019area riservata, salvo la necessit\u00e0 di tutela contro abusi.<\/p>\n\n\n\n<ol start=\"7\">\n<li><strong>AREA E-COMMERCE<\/strong><\/li>\n<\/ol>\n\n\n\n<p>L\u2019utente, se lo desidera, potr\u00e0 accedere all\u2019area Acquisti previa registrazione dei dati personali richiesti e sottoscrizione del contratto.<\/p>\n\n\n\n<p>Con la registrazione nel sito sar\u00e0 possibile effettuare l\u2019acquisto di prodotti tramite la sezione e SHOP.<\/p>\n\n\n\n<p>In tal caso, oggetto di trattamento sono i seguenti dati, tutti appartenenti alla categoria dei dati comuni:<\/p>\n\n\n\n<p>\u2013 cognome, nome, data e luogo di nascita, residenza;&nbsp;&nbsp;&nbsp;&nbsp;&nbsp;&nbsp;&nbsp;&nbsp;&nbsp;&nbsp;&nbsp;&nbsp;&nbsp;&nbsp;<\/p>\n\n\n\n<p>\u2013 codice fiscale e\/o partita IVA;<\/p>\n\n\n\n<p>\u2013 numero di telefono\/indirizzo e-mail;<\/p>\n\n\n\n<p>\u2013 indirizzo di destinazione;<\/p>\n\n\n\n<p>\u2013 descrizione dell\u2019ordine e prodotto acquistato.<\/p>\n\n\n\n<p>I dati oggetto di trattamento sono conferiti dal cliente o sono risultanti da pubblici registri (quali CCIAA o anagrafe).<\/p>\n\n\n\n<p>I dati sono trattati per scopi strettamente connessi alla gestione del rapporto precontrattuale e contrattuale, comprese le formalit\u00e0 ed adempimenti amministrativi, contabili e fiscali (ad esempio: acquisizione di informazioni preliminari alla conclusione del contratto; esecuzione di attivit\u00e0 sulla base degli obblighi derivati dal contratto concluso) e la gestione del contenzioso (finalit\u00e0 contrattuale).<\/p>\n\n\n\n<p>Non sussiste un obbligo di conferimento dei dati in fase precontrattuale, ma il mancato conferimento comporter\u00e0 l\u2019impossibilit\u00e0 di formulare un preventivo o concludere il contratto; una volta stipulato il contratto, il conferimento dei dati ulteriormente necessari, o l\u2019aggiornamento di quelli gi\u00e0 forniti, \u00e8 obbligatorio per tutto quanto \u00e8 richiesto dagli obblighi legali e contrattuali e, pertanto, l\u2019eventuale rifiuto a fornirli in tutto o in parte pu\u00f2 dar luogo all\u2019impossibilit\u00e0 per il Titolare di dare esecuzione al contratto e potrebbe comunque configurare inadempimento contrattuale o violazione di legge (qualora tali dati siano necessari per un adempimento di obblighi normativi o disposizioni delle autorit\u00e0) da parte del fornitore. La base giuridica del trattamento in oggetto \u00e8 circostanza che esso \u00e8 necessario: per l\u2019esecuzione del contratto di cui l\u2019Interessato \u00e8 parte o delle misure precontrattuali adottate su richiesta dello stesso; per l\u2019adempimento di un obbligo legale a cui \u00e8 soggetto il Titolare del trattamento.<\/p>\n\n\n\n<p>I dati, alle condizioni qui di seguito indicate, potranno essere trattati anche per una finalit\u00e0 di marketing: il Titolare potr\u00e0 trasmettere, attraverso le coordinate di posta elettronica fornite nel contesto di un precedente acquisto, comunicazioni inerenti la vendita diretta di prodotti o servizi analoghi a quelli gi\u00e0 in tale occasione acquistati, che \u00e8 consentita salvo che il destinatario, adeguatamente informato, non rifiuti tale uso, inizialmente o in occasione di successive comunicazioni; in quest\u2019ultimo caso la base giuridica del trattamento \u00e8 il legittimo interesse del Titolare all\u2019attivit\u00e0 di marketing.<\/p>\n\n\n\n<p>Per quanto riguarda la finalit\u00e0 contrattuale, i dati saranno conservati per tutta la durata del rapporto contrattuale, e, dopo la cessazione del rapporto \u2013limitatamente ai dati a quel punto necessari\u2013 per l\u2019estinzione delle obbligazioni contrattualmente assunte e per l\u2019espletamento di tutti gli eventuali adempimenti di legge e per le esigenze di tutela anche contrattuale connessi o da esso derivanti. Per quanto riguarda la finalit\u00e0 di marketing, il trattamento potr\u00e0 avere durata fino all\u2019opposizione del destinatario, ma in ogni caso non oltre 36 mesi dall\u2019ultimo acquisto.<\/p>\n\n\n\n<p>Il trattamento dei dati personali avverr\u00e0 da parte di personale istruito ed autorizzato dal Titolare con procedure, strumenti tecnici e informatici idonei a tutelare la riservatezza e la sicurezza degli stessi.<\/p>\n\n\n\n<ol start=\"8\">\n<li><strong>AREA CARRIERA<\/strong><\/li>\n<\/ol>\n\n\n\n<p>L\u2019area carriera del sito permette a chi interessato di candidarsi per eventuali posizioni lavorative. Il trattamento dei dati personali avviene nell\u2019ambito del processo di gestione delle candidature finalizzato all\u2019individuazione delle persone da inserire nell\u2019organico della societ\u00e0 ed alla valutazione che le stesse siano in linea con le esigenze aziendali, per procedere poi all\u2019eventuale contatto ai fini di colloquio di selezione.<\/p>\n\n\n\n<p>Per le esigenze del processo di gestione delle candidature attraverso Form del sito internet dedicato possono essere oggetto di trattamento le seguenti categorie di dati:<\/p>\n\n\n\n<p>Nome, cognome, indirizzo di residenza, e-mail, telefono, Curriculum Vitae, informazioni libere lasciate dal candidato nello spazio messaggi.<\/p>\n\n\n\n<p>Il conferimento dei dati richiesti \u00e8 facoltativo, tuttavia il mancato conferimento dei dati comporter\u00e0 per l\u2019Interessato l\u2019impossibilit\u00e0 di partecipare al processo di selezione del personale posto in essere dal Titolare.<\/p>\n\n\n\n<p>Il trattamento dei dati trova la base giuridica nel fatto che esso \u00e8 necessario per dare corso alle misure precontrattuali nell\u2019ambito del procedimento di selezione a cui l\u2019Interessato partecipa con l\u2019invio spontaneo delle proprie informazioni.<\/p>\n\n\n\n<p>Al primo contatto utile si provveder\u00e0 a fornire all\u2019Interessato una informativa specifica in merito al trattamento di dati relativi alla selezione del personale.<\/p>\n\n\n\n<ol start=\"9\">\n<li><strong>MODALIT\u00c0 DEL TRATTAMENTO E COMUNICAZIONE A TERZI DEI DATI<\/strong><\/li>\n<\/ol>\n\n\n\n<p>I dati non sono soggetti a diffusione e potranno essere comunicati a collaboratori, fornitori del Titolare, nell\u2019ambito delle relative mansioni e\/o obblighi contrattuali relativi all\u2019esecuzione del rapporto contrattuale con gli Interessati; tra i soggetti fornitori del Titolare si indicano a titolo esemplificativo istituti bancari e creditizi, imprese di assicurazioni, consulenti legali; fornitori di software e relativa assistenza, soggetti che effettuano spedizioni e consegne; nonch\u00e9 amministrazione finanziaria ed altri Enti per cui sono previste le comunicazioni obbligatorie. Il trattamento sar\u00e0 effettuato:<\/p>\n\n\n\n<p>\u2013&nbsp;&nbsp;&nbsp;&nbsp;&nbsp;&nbsp;&nbsp;&nbsp;&nbsp;&nbsp;&nbsp;&nbsp;&nbsp; mediante l\u2019utilizzo di sistemi manuali e automatizzati;<\/p>\n\n\n\n<p>\u2013&nbsp;&nbsp;&nbsp;&nbsp;&nbsp;&nbsp;&nbsp;&nbsp;&nbsp;&nbsp;&nbsp;&nbsp;&nbsp; da soggetti o categorie di autorizzati all\u2019assolvimento dei relativi compiti;<\/p>\n\n\n\n<p>\u2013&nbsp;&nbsp;&nbsp;&nbsp;&nbsp;&nbsp;&nbsp;&nbsp;&nbsp;&nbsp;&nbsp;&nbsp;&nbsp; con l\u2019impiego di misure adeguate a garantire la riservatezza dei dati ed evitare l\u2019accesso agli stessi da parte di terzi non autorizzati.<\/p>\n\n\n\n<p>Fermo quanto esposto nelle specifiche sezioni di cui sopra, nell\u2019ambito della sua attivit\u00e0 e per le finalit\u00e0 sopra indicate, il Titolare potr\u00e0 avvalersi di servizi resi da soggetti terzi che operano o quali titolari autonomi o per conto e secondo le istruzioni dello stesso, quali responsabili del trattamento ex art. 28 del regolamento. Si tratta di soggetti che forniscono al Titolare servizi elaborativi o strumentali.<\/p>\n\n\n\n<p>In generale, l\u2019Interessato potr\u00e0 richiedere un elenco completo e aggiornato dei soggetti nominati responsabili del trattamento rivolgendosi ad uno dei contatti del Titolare.<\/p>\n\n\n\n<p>Potranno poi accedere ai dati tutti i soggetti cui la facolt\u00e0 di accesso a tali dati \u00e8 riconosciuta in forza di provvedimenti normativi.<\/p>\n\n\n\n<ol start=\"10\">\n<li><strong>TRASFERIMENTO DI DATI ALL\u2019ESTERO<\/strong><\/li>\n<\/ol>\n\n\n\n<p>Non vi \u00e8 intenzione di trasferire i dati personali a Paesi non Membri dell\u2019Unione Europea o ad Organizzazioni Internazionali. Qualora per specifiche ragioni tecniche il titolare provvedesse al trasferimento verso paesi terzi, per assicurare un adeguato livello di protezione dei dati, questo avviene rispettando le seguenti condizioni: trasferimento sulla base di una decisione di adeguatezza, trasferimento soggetto a garanzie adeguate, norme vincolanti di impresa o applicazioni di deroghe previste per specifiche situazioni.<\/p>\n\n\n\n<ol start=\"11\">\n<li><strong>DIRITTI DELL\u2019INTERESSATO<\/strong><\/li>\n<\/ol>\n\n\n\n<p>Il GDPR attribuisce all\u2019Interessato l\u2019esercizio dei seguenti&nbsp;<strong>diritti<\/strong>&nbsp;con riferimento ai dati personali che lo riguardano (la descrizione sintetica \u00e8 indicativa, per la completa enunciazione dei diritti, comprese le limitazioni degli stessi, si rimanda al Regolamento, ed in particolare agli artt. 15-22):<\/p>\n\n\n\n<p><strong>\u2013 Accesso ai dati personali<\/strong>&nbsp;(l\u2019Interessato ha il diritto di avere gratuitamente le informazioni in merito ai dati personali che lo riguardano detenuti dal Titolare ed al relativo trattamento, nonch\u00e9 di ottenerne copia in formato accessibile);<\/p>\n\n\n\n<p><strong>\u2013 Rettifica dei dati personali<\/strong>&nbsp;(su segnalazione dell\u2019Interessato, correzione o integrazione dei dati personali \u2013non espressione di elementi valutativi\u2013 non corretti o imprecisi, anche divenuti tali in quanto non aggiornati);<\/p>\n\n\n\n<p><strong>\u2013 Cancellazione dei dati personali<\/strong>&nbsp;(diritto all\u2019oblio) (ad esempio, i dati non sono pi\u00f9 necessari rispetto alle finalit\u00e0 per le quali sono stati raccolti o trattati; sono stati trattati illecitamente; devono essere cancellati per adempiere un obbligo legale; l\u2019Interessato ha revocato il consenso e non sussiste altro fondamento giuridico per il trattamento; l\u2019Interessato si oppone, sussistendo le condizioni, al trattamento);<\/p>\n\n\n\n<p><strong>\u2013 Limitazione del trattamento<\/strong>&nbsp;(in determinati casi \u2013contestazione dell\u2019esattezza dei dati, nel tempo necessario alla verifica; contestazione della liceit\u00e0 del trattamento con opposizione alla cancellazione; necessit\u00e0 di utilizzo per i diritti di diritti di difesa dell\u2019Interessato, mentre essi non sono pi\u00f9 utili ai fini del trattamento; se vi \u00e8 opposizione al trattamento, mentre vengono svolte le necessarie verifiche\u2013 i dati verranno conservati con modalit\u00e0 tali da poter essere eventualmente ripristinati, ma, nel mentre, non sono consultabili dal Titolare se non appunto in relazione alla verifica della validit\u00e0 della richiesta di limitazione da parte dell\u2019Interessato, o con il consenso dell\u2019Interessato o per l\u2019accertamento, l\u2019esercizio o la difesa in giudizio di un diritto in sede giudiziaria o per tutelare i diritti di altra persona fisica o giuridica o per motivi di interesse pubblico rilevante dell\u2019Unione o di uno Stato membro);<\/p>\n\n\n\n<p><strong>\u2013 Opposizione<\/strong>&nbsp;in tutto o in parte, per motivi connessi alla situazione particolare dell\u2019Interessato, al trattamento effettuato sulla base del legittimo interesse (e l\u2019Interessato pu\u00f2 in ogni caso opporsi al trattamento dei propri dati personali per finalit\u00e0 di marketing diretto, compresa la profilazione nella misura in cui sia connessa a tale marketing diretto);<\/p>\n\n\n\n<p><strong>\u2013 Portabilit\u00e0 dei dati<\/strong>&nbsp;(qualora il trattamento si basi sul consenso o su un contratto e sia effettuato con mezzi automatizzati, su sua richiesta, l\u2019Interessato ricever\u00e0 in un formato strutturato, di uso comune e leggibile da dispositivo automatico, i dati personali che lo riguardano e potr\u00e0 trasmetterli ad un altro Titolare del trattamento, senza impedimenti da parte del Titolare del Trattamento cui li ha forniti e, se tecnicamente fattibile, potr\u00e0 ottenere che detta trasmissione venga effettuata direttamente da quest\u2019ultimo);<\/p>\n\n\n\n<p><strong>\u2013 Revoca del consenso<\/strong>&nbsp;(qualora il trattamento avvenga in forza di consenso manifestato dall\u2019Interessato, questi potr\u00e0 revocare il consenso in qualsiasi momento, senza pregiudicare la liceit\u00e0 del trattamento prestato prima della revoca);<\/p>\n\n\n\n<p><strong>\u2013 Proposizione reclamo<\/strong>&nbsp;all\u2019autorit\u00e0 di controllo (Garante per la protezione dei dati personali \u2013 Garante Privacy). Il Garante per la protezione dei dati personali \u00e8 contattabile tramite i recapiti indicati nel Sito dell\u2019Autorit\u00e0 medesima \u201cwww.garanteprivacy.it\u201d).<\/p>\n\n\n\n<ol start=\"12\">\n<li><strong>ESERCIZIO DEI DIRITTI<\/strong><\/li>\n<\/ol>\n\n\n\n<p>Il Garante per la protezione dei dati personali \u00e8 contattabile tramite i recapiti indicati nel Sito dell\u2019Autorit\u00e0 medesima \u201cwww.garanteprivacy.it\u201d). Gli altri diritti dell\u2019Interessato sono esercitabili tramite richiesta al seguente indirizzo e-mail: info@amonn1802.com o agli altri contatti del Titolare del trattamento sopra indicati.<\/p>\n\n\n\n<p>Il Titolare potr\u00e0 modificarne o aggiornarne il contenuto in tutto o in parte, anche tenuto conto di eventuali cambiamenti della normativa sulla protezione dei dati personali. Si invitano pertanto gli Interessati a consultare con regolarit\u00e0 questa pagina, in modo da essere cos\u00ec al corrente di quanto attiene ai processi di trattamento.<\/p>\n","protected":false},"excerpt":{"rendered":"<p>PRIVACY POLICY DEL SITO WEB PRIVACY POLICY DEL SITO WEB Gentile Utente, ai sensi degli articoli 12 e seguenti del Regolamento (UE) 2016\/679 del Parlamento europeo e del Consiglio del&#8230;<\/p>\n","protected":false},"author":712961,"featured_media":0,"parent":0,"menu_order":0,"comment_status":"closed","ping_status":"closed","template":"","meta":{"footnotes":""},"_links":{"self":[{"href":"https:\/\/www.pratika4you.com\/index.php\/wp-json\/wp\/v2\/pages\/6882"}],"collection":[{"href":"https:\/\/www.pratika4you.com\/index.php\/wp-json\/wp\/v2\/pages"}],"about":[{"href":"https:\/\/www.pratika4you.com\/index.php\/wp-json\/wp\/v2\/types\/page"}],"author":[{"embeddable":true,"href":"https:\/\/www.pratika4you.com\/index.php\/wp-json\/wp\/v2\/users\/712961"}],"replies":[{"embeddable":true,"href":"https:\/\/www.pratika4you.com\/index.php\/wp-json\/wp\/v2\/comments?post=6882"}],"version-history":[{"count":1,"href":"https:\/\/www.pratika4you.com\/index.php\/wp-json\/wp\/v2\/pages\/6882\/revisions"}],"predecessor-version":[{"id":6883,"href":"https:\/\/www.pratika4you.com\/index.php\/wp-json\/wp\/v2\/pages\/6882\/revisions\/6883"}],"wp:attachment":[{"href":"https:\/\/www.pratika4you.com\/index.php\/wp-json\/wp\/v2\/media?parent=6882"}],"curies":[{"name":"wp","href":"https:\/\/api.w.org\/{rel}","templated":true}]}}